{"id":2,"date":"2025-07-24T20:29:33","date_gmt":"2025-07-24T20:29:33","guid":{"rendered":"http:\/\/naloteam.fr\/?page_id=2"},"modified":"2025-08-27T06:38:07","modified_gmt":"2025-08-27T05:38:07","slug":"sample-page","status":"publish","type":"page","link":"https:\/\/naloteam.fr\/index.php\/sample-page\/","title":{"rendered":"Accompagnement d&rsquo;entreprise"},"content":{"rendered":"\n<p>Je peux \u00e9galement \u00eatre votre DAF \u00e0 temps partiel, le temps de la mise en place d\u2019outil, ou d\u2019une p\u00e9riode de croissance ou de difficult\u00e9.<\/p>\n\n\n\n<p class=\"has-x-large-font-size\"><strong>Offre DAF \u00e0 temps partiel :<\/strong><\/p>\n\n\n\n<p>-Gestion quotidienne du p\u00f4le finance<\/p>\n\n\n\n<p>-Management des \u00e9quipes comptables<\/p>\n\n\n\n<p>-Production des Bilan et situations mensuelles<\/p>\n\n\n\n<p>-Contr\u00f4le de gestion : Budget, indicateurs de performance, analyse financi\u00e8re<\/p>\n\n\n\n<p>-Production des d\u00e9clarations fiscales Suivi Juridique et n\u00e9gociation de contrat<\/p>\n\n\n\n<figure class=\"wp-block-image size-large\"><img loading=\"lazy\" decoding=\"async\" width=\"1024\" height=\"423\" src=\"http:\/\/naloteam.fr\/wp-content\/uploads\/2025\/08\/site-web-p-DAF-1024x423.png\" alt=\"\" class=\"wp-image-51\" srcset=\"https:\/\/naloteam.fr\/wp-content\/uploads\/2025\/08\/site-web-p-DAF-1024x423.png 1024w, https:\/\/naloteam.fr\/wp-content\/uploads\/2025\/08\/site-web-p-DAF-300x124.png 300w, https:\/\/naloteam.fr\/wp-content\/uploads\/2025\/08\/site-web-p-DAF-768x317.png 768w, https:\/\/naloteam.fr\/wp-content\/uploads\/2025\/08\/site-web-p-DAF.png 1528w\" sizes=\"auto, (max-width: 1024px) 100vw, 1024px\" \/><\/figure>\n","protected":false},"excerpt":{"rendered":"<p>Je peux \u00e9galement \u00eatre votre DAF \u00e0 temps partiel, le temps de la mise en place d\u2019outil, ou d\u2019une p\u00e9riode de croissance ou de difficult\u00e9. Offre DAF \u00e0 temps partiel : -Gestion quotidienne du p\u00f4le finance -Management des \u00e9quipes comptables -Production des Bilan et situations mensuelles -Contr\u00f4le de gestion : Budget, indicateurs de performance, analyse [&hellip;]<\/p>\n","protected":false},"author":1,"featured_media":0,"parent":0,"menu_order":0,"comment_status":"closed","ping_status":"open","template":"","meta":{"footnotes":""},"class_list":["post-2","page","type-page","status-publish","hentry"],"_links":{"self":[{"href":"https:\/\/naloteam.fr\/index.php\/wp-json\/wp\/v2\/pages\/2","targetHints":{"allow":["GET"]}}],"collection":[{"href":"https:\/\/naloteam.fr\/index.php\/wp-json\/wp\/v2\/pages"}],"about":[{"href":"https:\/\/naloteam.fr\/index.php\/wp-json\/wp\/v2\/types\/page"}],"author":[{"embeddable":true,"href":"https:\/\/naloteam.fr\/index.php\/wp-json\/wp\/v2\/users\/1"}],"replies":[{"embeddable":true,"href":"https:\/\/naloteam.fr\/index.php\/wp-json\/wp\/v2\/comments?post=2"}],"version-history":[{"count":2,"href":"https:\/\/naloteam.fr\/index.php\/wp-json\/wp\/v2\/pages\/2\/revisions"}],"predecessor-version":[{"id":52,"href":"https:\/\/naloteam.fr\/index.php\/wp-json\/wp\/v2\/pages\/2\/revisions\/52"}],"wp:attachment":[{"href":"https:\/\/naloteam.fr\/index.php\/wp-json\/wp\/v2\/media?parent=2"}],"curies":[{"name":"wp","href":"https:\/\/api.w.org\/{rel}","templated":true}]}}